

{"id":5686,"date":"2026-01-13T21:32:53","date_gmt":"2026-01-13T20:32:53","guid":{"rendered":"https:\/\/campingdelaforet.geek-tonic.dev\/legal-notice\/"},"modified":"2026-04-15T16:57:56","modified_gmt":"2026-04-15T14:57:56","slug":"legal-notice","status":"publish","type":"page","link":"https:\/\/campingdelaforet.geek-tonic.dev\/en\/legal-notice\/","title":{"rendered":"Terms of use"},"content":{"rendered":"\n<div class=\"wp-block-group section-6 has-custom-color-3-background-color has-background has-global-padding is-layout-constrained wp-container-core-group-is-layout-20238047 wp-block-group-is-layout-constrained\" style=\"margin-top:0px;margin-bottom:0px;padding-top:8rem;padding-right:15rem;padding-bottom:8rem;padding-left:15rem\">\n<div class=\"wp-block-group content has-base-2-background-color has-background has-global-padding is-layout-constrained wp-container-core-group-is-layout-14e86352 wp-block-group-is-layout-constrained\" style=\"border-top-left-radius:10px;border-top-right-radius:10px;border-bottom-left-radius:10px;border-bottom-right-radius:10px;margin-top:0px;margin-bottom:0px;padding-top:105px;padding-right:40px;padding-bottom:40px;padding-left:40px\">\n<h1 class=\"wp-block-heading has-text-align-left has-custom-color-1-color has-text-color has-link-color has-xx-large-font-size wp-elements-fd9ed4b4ba67f76d94585a98aa5368d8\">Terms of use<\/h1>\n\n\n\n<h2 class=\"wp-block-heading\">Site manager<\/h2>\n\n\n\n<p><strong>FLOWER Camping de la for\u00eat<\/strong><br\/>Address: Presqu&#8217;\u00eele de Larzicourt &#8211; 51290 Arrigny <br\/>Telephone: 03 26 74 00 23 or 06 83 13 95 26<br\/>Email: laforet51@outlook.com<br\/>SIRET: 39212911000020<br\/>Legal form: SAS, soci\u00e9t\u00e9 par actions simplifi\u00e9e<br\/>Intracommunity VAT no.: FR54392129110<br\/>Publication manager:<\/p>\n\n\n\n<h2 class=\"wp-block-heading\">Realization<\/h2>\n\n\n\n<p><strong>GEEK TONIC<\/strong> Represented by Mr. Yohan Darmayan in his capacity as Manager<br\/>Head office: 16 chemin de Sabalce 64100 Bayonne<br\/>Tel: <a href=\"https:\/\/www.google.com\/search?q=geek+tonic&amp;sxsrf=ALiCzsb97zG2dngu-WqfTOdPG_O6pmDSPQ%3A1665557722642&amp;ei=2mRGY-_0JorhlwS4vpuoCA&amp;ved=0ahUKEwjvyaSDjtr6AhWK8IUKHTjfBoUQ4dUDCA4&amp;uact=5&amp;oq=geek+tonic&amp;gs_lcp=Cgdnd3Mtd2l6EAMyBAgjECcyCgguEMcBEK8BECcyBggAEBYQHjIGCAAQFhAeMgIIJjoKCAAQRxDWBBCwAzoNCAAQ5AIQ1gQQsAMYAToICAAQFhAeEA86CAgAEBYQHhAKOgUIABCABDoLCC4QgAQQxwEQ0QM6CggAEIAEEIcCEBQ6CggAEIAEEAoQywFKBAhNGAFKBAhBGABKBAhGGAFQ4wtYgh1gkyBoAnABeACAAawBiAHRBJIBAzUuMZgBAKABAcgBDcABAdoBBggBEAEYCQ&amp;sclient=gws-wiz#\">05 32 74 11 52<\/a><br\/>E-mail: support@geek-tonic.com<br\/>Website: <a href=\"https:\/\/www.geek-tonic.com\/\">www.geek-tonic.com<\/a><br\/>SIRET: 89746755100015<br\/>APE: 6201Z<\/p>\n\n\n\n<h2 class=\"wp-block-heading\">Copyright<\/h2>\n\n\n\n<p>The entire content of this site is subject to copyright and intellectual property rights under French law. Any reproduction (including photos, icons and downloadable documents) is prohibited without prior consent from GEEK TONIC. Reproduction of all or part of the site in electronic or paper format is prohibited. GEEK TONIC accepts no responsibility for the content of the website. GEEK TONIC also accepts no responsibility for external links to this website.   <\/p>\n\n\n\n<h2 class=\"wp-block-heading\">Personal data and nominative information<\/h2>\n\n\n\n<p>You have the right to access, modify, rectify and delete data concerning you in accordance with Article 34 of the French Data Protection Act (Loi &#8221; Informatique et Libert\u00e9s &#8221; n\u00b0 78-17 du 6 janvier 1978, modified on August 6, 2018). To exercise this right of access, please send a written request to the site editor. <\/p>\n\n\n\n<h2 class=\"wp-block-heading\">Legislation<\/h2>\n\n\n\n<p>In accordance with the law of March 11, 1957 (art. 41) and the intellectual property code of July 1, 1992, it is forbidden to reproduce any part of the site in whole or in part without prior authorization from the site editor. Logos, visuals, photos, videos, graphic charts and texts are the property of their respective owners. This site may, without its knowledge, have been linked to other sites via hypermedia links. The site editor declines all responsibility for the information presented on these other sites. The Internet user acknowledges that use of this site is governed by French law.    <\/p>\n\n\n\n<h2 class=\"wp-block-heading\">Mediation of consumer disputes<\/h2>\n\n\n\n<p>In accordance with the provisions of the French Consumer Code concerning &#8220;the mediation process for consumer disputes&#8221;, the customer has the right to use the mediation service offered by <strong>Flower Camping de la for\u00eat<\/strong> free of charge. The &#8220;consumer law&#8221; mediator thus proposed is CM2C. This mediation service can be reached by : &#8211; electronically:www.cm2c.net; &#8211; or by post: CM2C &#8211; Centre de m\u00e9diation et r\u00e8glement amiable des huissiers de justice- 14, Rue Saint-Jean, 75017 Paris.  <\/p>\n\n\n\n<h2 class=\"wp-block-heading\">Responsibility for legal content<\/h2>\n\n\n\n<p>As the owner of your site, it is your responsibility to ensure that the Legal Notice and Privacy Policy pages comply with current legislation, in particular the RGPD (General Data Protection Regulation) for sites collecting personal data. These pages must be updated regularly and transparently reflect your company&#8217;s legal and practical information, as well as the personal data processing carried out. <\/p>\n\n\n\n<p>Our agency can help you with the technical set-up of these pages, but you remain responsible for their legal content. We strongly recommend that you consult a legal expert to ensure that your legal notices and privacy policy comply with the legislation applicable to your business. Contact us if you need to, and we&#8217;ll be happy to refer you to a partner lawyer.  <\/p>\n<\/div>\n<\/div>\n","protected":false},"excerpt":{"rendered":"<p>Terms of use Site manager FLOWER Camping de la for\u00eatAddress: Presqu&#8217;\u00eele de Larzicourt &#8211; 51290 Arrigny Telephone: 03 26 74 00 23 or 06 83 13 95 26Email: laforet51@outlook.comSIRET: 39212911000020Legal form: SAS, soci\u00e9t\u00e9 par actions simplifi\u00e9eIntracommunity VAT no.: FR54392129110Publication manager: Realization GEEK TONIC Represented by Mr. Yohan Darmayan in his capacity as ManagerHead office: 16 [&hellip;]<\/p>\n","protected":false},"author":1,"featured_media":5356,"parent":0,"menu_order":0,"comment_status":"closed","ping_status":"closed","template":"","meta":{"_seopress_robots_primary_cat":"","_seopress_titles_title":"Terms of use","_seopress_titles_desc":"Discover our full legal disclaimer, compliant with French and RGPD laws, for secure browsing at Flower Camping de la for\u00eat.","_seopress_robots_index":"","inline_featured_image":false,"gt_fse_maillage_image":"https:\/\/campingdelaforet.geek-tonic.dev\/wp-content\/uploads\/2026\/03\/vacances-au-camping-de-la-foret.jpg","gt_fse_maillage_titre":"Terms of use","gt_fse_maillage_alt":"vacations at camping de la foret","gt_fse_maillage_resume":"","footnotes":""},"categories":[],"tags":[],"class_list":["post-5686","page","type-page","status-publish","has-post-thumbnail","hentry"],"publishpress_future_action":{"enabled":false,"date":"2026-05-05 04:48:55","action":"change-status","newStatus":"draft","terms":[],"taxonomy":"category","extraData":[]},"publishpress_future_workflow_manual_trigger":{"enabledWorkflows":[]},"_links":{"self":[{"href":"https:\/\/campingdelaforet.geek-tonic.dev\/en\/wp-json\/wp\/v2\/pages\/5686","targetHints":{"allow":["GET"]}}],"collection":[{"href":"https:\/\/campingdelaforet.geek-tonic.dev\/en\/wp-json\/wp\/v2\/pages"}],"about":[{"href":"https:\/\/campingdelaforet.geek-tonic.dev\/en\/wp-json\/wp\/v2\/types\/page"}],"author":[{"embeddable":true,"href":"https:\/\/campingdelaforet.geek-tonic.dev\/en\/wp-json\/wp\/v2\/users\/1"}],"replies":[{"embeddable":true,"href":"https:\/\/campingdelaforet.geek-tonic.dev\/en\/wp-json\/wp\/v2\/comments?post=5686"}],"version-history":[{"count":7,"href":"https:\/\/campingdelaforet.geek-tonic.dev\/en\/wp-json\/wp\/v2\/pages\/5686\/revisions"}],"predecessor-version":[{"id":5823,"href":"https:\/\/campingdelaforet.geek-tonic.dev\/en\/wp-json\/wp\/v2\/pages\/5686\/revisions\/5823"}],"wp:featuredmedia":[{"embeddable":true,"href":"https:\/\/campingdelaforet.geek-tonic.dev\/en\/wp-json\/wp\/v2\/media\/5356"}],"wp:attachment":[{"href":"https:\/\/campingdelaforet.geek-tonic.dev\/en\/wp-json\/wp\/v2\/media?parent=5686"}],"wp:term":[{"taxonomy":"category","embeddable":true,"href":"https:\/\/campingdelaforet.geek-tonic.dev\/en\/wp-json\/wp\/v2\/categories?post=5686"},{"taxonomy":"post_tag","embeddable":true,"href":"https:\/\/campingdelaforet.geek-tonic.dev\/en\/wp-json\/wp\/v2\/tags?post=5686"}],"curies":[{"name":"wp","href":"https:\/\/api.w.org\/{rel}","templated":true}]}}